{"id":856,"date":"2026-03-29T18:21:40","date_gmt":"2026-03-29T18:21:40","guid":{"rendered":"https:\/\/promo.ppm.mg\/?page_id=856"},"modified":"2026-03-31T20:02:40","modified_gmt":"2026-03-31T20:02:40","slug":"autres-produits","status":"publish","type":"page","link":"https:\/\/promo.ppm.mg\/index.php\/nos-produits\/autres-produits\/","title":{"rendered":"Autres produits"},"content":{"rendered":"\t\t<div data-elementor-type=\"wp-page\" data-elementor-id=\"856\" class=\"elementor elementor-856\">\n\t\t\t\t<div class=\"elementor-element elementor-element-ccd21d4 e-con-full e-flex wpr-particle-no wpr-jarallax-no wpr-parallax-no wpr-sticky-section-no e-con e-parent\" data-id=\"ccd21d4\" data-element_type=\"container\" data-e-type=\"container\" data-settings=\"{&quot;background_background&quot;:&quot;classic&quot;}\">\n\t\t\t\t<div class=\"elementor-element elementor-element-6ce1a7b elementor-widget elementor-widget-heading\" data-id=\"6ce1a7b\" data-element_type=\"widget\" data-e-type=\"widget\" data-widget_type=\"heading.default\">\n\t\t\t\t\t<h2 class=\"elementor-heading-title elementor-size-default\">Autres produits<\/h2>\t\t\t\t<\/div>\n\t\t\t\t<div class=\"elementor-element elementor-element-bf5d638 elementor-widget-divider--separator-type-pattern elementor-widget-divider--view-line elementor-widget elementor-widget-divider\" data-id=\"bf5d638\" data-element_type=\"widget\" data-e-type=\"widget\" data-widget_type=\"divider.default\">\n\t\t\t\t\t\t\t<div class=\"elementor-divider\" style=\"--divider-pattern-url: url(&quot;data:image\/svg+xml,%3Csvg xmlns=&#039;http:\/\/www.w3.org\/2000\/svg&#039; preserveAspectRatio=&#039;none&#039; overflow=&#039;visible&#039; height=&#039;100%&#039; viewBox=&#039;0 0 20 16&#039; fill=&#039;none&#039; stroke=&#039;black&#039; stroke-width=&#039;1&#039; stroke-linecap=&#039;square&#039; stroke-miterlimit=&#039;10&#039;%3E%3Cg transform=&#039;translate(-12.000000, 0)&#039;%3E%3Cpath d=&#039;M28,0L10,18&#039;\/%3E%3Cpath d=&#039;M18,0L0,18&#039;\/%3E%3Cpath d=&#039;M48,0L30,18&#039;\/%3E%3Cpath d=&#039;M38,0L20,18&#039;\/%3E%3C\/g%3E%3C\/svg%3E&quot;);\">\n\t\t\t<span class=\"elementor-divider-separator\">\n\t\t\t\t\t\t<\/span>\n\t\t<\/div>\n\t\t\t\t\t\t<\/div>\n\t\t\t\t<div class=\"elementor-element elementor-element-07518ea elementor-widget__width-initial elementor-widget elementor-widget-text-editor\" data-id=\"07518ea\" data-element_type=\"widget\" data-e-type=\"widget\" data-widget_type=\"text-editor.default\">\n\t\t\t\t\t\t\t\t\t<p><span style=\"font-weight: 400;\">En compl\u00e9ment de ses gammes structur\u00e9es, Floribis propose des plantes aromatiques de Madagascar disponibles sur commande, d\u00e9velopp\u00e9es selon des cahiers des charges sp\u00e9cifiques.<\/span><\/p><p><span style=\"font-weight: 400;\">Cette offre s\u2019adresse aux industriels, formulateurs et marques recherchant des mati\u00e8res botaniques adapt\u00e9es \u00e0 des besoins pr\u00e9cis, tant en termes de qualit\u00e9, de volumes que d\u2019applications.<\/span><\/p>\t\t\t\t\t\t\t\t<\/div>\n\t\t\t\t<\/div>\n\t\t<div class=\"elementor-element elementor-element-eac6c89 e-flex e-con-boxed wpr-particle-no wpr-jarallax-no wpr-parallax-no wpr-sticky-section-no e-con e-parent\" data-id=\"eac6c89\" data-element_type=\"container\" data-e-type=\"container\">\n\t\t\t\t\t<div class=\"e-con-inner\">\n\t\t\t\t<div class=\"elementor-element elementor-element-7bc3d59 elementor-widget elementor-widget-rainbow_slider_widget\" data-id=\"7bc3d59\" data-element_type=\"widget\" data-e-type=\"widget\" data-widget_type=\"rainbow_slider_widget.default\">\n\t\t\t\t<div class=\"elementor-widget-container\">\n\t\t\t\t\t\t<div class=\"swiper rainbow-slider rainbow-nav-view-default rainbow-nav-shape- rainbow-pag-view-default rainbow-pag-shape-\" data-pag-html=\"&lt;svg aria-hidden=&quot;true&quot; class=&quot;e-font-icon-svg e-fas-circle&quot; viewBox=&quot;0 0 512 512&quot; xmlns=&quot;http:\/\/www.w3.org\/2000\/svg&quot;&gt;&lt;path d=&quot;M256 8C119 8 8 119 8 256s111 248 248 248 248-111 248-248S393 8 256 8z&quot;&gt;&lt;\/path&gt;&lt;\/svg&gt;\" data-loop=\"yes\" data-hover-pause=\"yes\" data-delay=\"100000\" data-first-anim=\"1000\" data-next-anim=\"300\" data-first-anim-type=\"none\" data-effect=\"creative\" data-creative-in=\"move-right\" data-creative-out=\"move-left\" data-pag-type=\"icon\" data-pag-html=\"&lt;svg aria-hidden=&quot;true&quot; class=&quot;e-font-icon-svg e-fas-circle&quot; viewBox=&quot;0 0 512 512&quot; xmlns=&quot;http:\/\/www.w3.org\/2000\/svg&quot;&gt;&lt;path d=&quot;M256 8C119 8 8 119 8 256s111 248 248 248 248-111 248-248S393 8 256 8z&quot;&gt;&lt;\/path&gt;&lt;\/svg&gt;\">\r\n\t\t\t\t<div data-elementor-type=\"wp-post\" data-elementor-id=\"858\" class=\"elementor elementor-858\">\n\t\t\t\t<div class=\"elementor-element elementor-element-4fd0c4e e-flex e-con-boxed wpr-particle-no wpr-jarallax-no wpr-parallax-no wpr-sticky-section-no e-con e-parent\" data-id=\"4fd0c4e\" data-element_type=\"container\" data-e-type=\"container\">\n\t\t\t\t\t<div class=\"e-con-inner\">\n\t\t<div class=\"elementor-element elementor-element-bb6f115 e-con-full e-flex wpr-particle-no wpr-jarallax-no wpr-parallax-no wpr-sticky-section-no e-con e-child\" data-id=\"bb6f115\" data-element_type=\"container\" data-e-type=\"container\">\n\t\t\t\t<div class=\"elementor-element elementor-element-ef7f32e elementor-widget elementor-widget-heading\" data-id=\"ef7f32e\" data-element_type=\"widget\" data-e-type=\"widget\" data-widget_type=\"heading.default\">\n\t\t\t\t\t<h3 class=\"elementor-heading-title elementor-size-default\">Concr\u00e8te de Gnidia daphnifolia<\/h3>\t\t\t\t<\/div>\n\t\t\t\t<div class=\"elementor-element elementor-element-b837b63 elementor-widget elementor-widget-text-editor\" data-id=\"b837b63\" data-element_type=\"widget\" data-e-type=\"widget\" data-widget_type=\"text-editor.default\">\n\t\t\t\t\t\t\t\t\t<p><span style=\"font-weight: 400;\">La concr\u00e8te de Gnidia de Floribis est une mati\u00e8re premi\u00e8re botanique rare, issue de plantes s\u00e9lectionn\u00e9es \u00e0 Madagascar et transform\u00e9e selon un proc\u00e9d\u00e9 ma\u00eetris\u00e9, destin\u00e9 principalement aux applications de parfumerie et de cosm\u00e9tique haut de gamme.<\/span><span style=\"font-weight: 400;\"><br \/><\/span><span style=\"font-weight: 400;\">Produite en volumes limit\u00e9s et sur la base d\u2019une fili\u00e8re structur\u00e9e, elle s\u2019adresse aux acteurs recherchant une mati\u00e8re distinctive, tra\u00e7able et compatible avec des usages professionnels exigeants.<\/span><span style=\"font-weight: 400;\"><br \/><\/span><span style=\"font-weight: 400;\">La concr\u00e8te de Gnidia Floribis se caract\u00e9rise par un profil aromatique riche, profond et singulier, apportant une signature botanique originale aux compositions.<\/span><span style=\"font-weight: 400;\"><br \/><\/span><span style=\"font-weight: 400;\">Cette mati\u00e8re est obtenue par extraction \u00e0 partir de la plante, permettant de concentrer les compos\u00e9s aromatiques et d\u2019offrir une expression olfactive dense et structur\u00e9e.<\/span><\/p><ul><li style=\"font-weight: 400;\" aria-level=\"1\"><span style=\"font-weight: 400;\">Aspect: p\u00e2te cireuse, souvent de couleur sombre ou ambr\u00e9e<\/span><\/li><li style=\"font-weight: 400;\" aria-level=\"1\"><span style=\"font-weight: 400;\">Ar\u00f4me: Frais et caract\u00e9ristique du phellandr\u00e8ne<\/span><\/li><li style=\"font-weight: 400;\" aria-level=\"1\"><span style=\"font-weight: 400;\">Usages:\u00a0 base pour l&rsquo;absolue de Gnidia daphnifolia, composant de c\u0153ur dans des fragrances de luxe, produits de soin<\/span><\/li><li style=\"font-weight: 400;\" aria-level=\"1\"><span style=\"font-weight: 400;\">Conditionnement:f\u00fbt HDPE 30 L, bouteilles aluminium de 250 ml \u00e0 1 L<\/span><\/li><\/ul>\t\t\t\t\t\t\t\t<\/div>\n\t\t\t\t<\/div>\n\t\t<div class=\"elementor-element elementor-element-dece114 e-con-full e-flex wpr-particle-no wpr-jarallax-no wpr-parallax-no wpr-sticky-section-no e-con e-child\" data-id=\"dece114\" data-element_type=\"container\" data-e-type=\"container\" data-settings=\"{&quot;background_background&quot;:&quot;classic&quot;}\">\n\t\t\t\t<\/div>\n\t\t\t\t\t<\/div>\n\t\t\t\t<\/div>\n\t\t<div class=\"elementor-element elementor-element-0c56002 e-flex e-con-boxed wpr-particle-no wpr-jarallax-no wpr-parallax-no wpr-sticky-section-no e-con e-parent\" data-id=\"0c56002\" data-element_type=\"container\" data-e-type=\"container\">\n\t\t\t\t\t<div class=\"e-con-inner\">\n\t\t<div class=\"elementor-element elementor-element-12f21e9 e-con-full e-flex wpr-particle-no wpr-jarallax-no wpr-parallax-no wpr-sticky-section-no e-con e-child\" data-id=\"12f21e9\" data-element_type=\"container\" data-e-type=\"container\" data-settings=\"{&quot;background_background&quot;:&quot;classic&quot;}\">\n\t\t\t\t<\/div>\n\t\t<div class=\"elementor-element elementor-element-b11ddc4 e-con-full e-flex wpr-particle-no wpr-jarallax-no wpr-parallax-no wpr-sticky-section-no e-con e-child\" data-id=\"b11ddc4\" data-element_type=\"container\" data-e-type=\"container\">\n\t\t\t\t<div class=\"elementor-element elementor-element-3fe6992 elementor-widget elementor-widget-heading\" data-id=\"3fe6992\" data-element_type=\"widget\" data-e-type=\"widget\" data-widget_type=\"heading.default\">\n\t\t\t\t\t<h3 class=\"elementor-heading-title elementor-size-default\">Autres plantes botaniques<\/h3>\t\t\t\t<\/div>\n\t\t\t\t<div class=\"elementor-element elementor-element-4af750f elementor-widget elementor-widget-text-editor\" data-id=\"4af750f\" data-element_type=\"widget\" data-e-type=\"widget\" data-widget_type=\"text-editor.default\">\n\t\t\t\t\t\t\t\t\t<p><span style=\"font-weight: 400;\">Les autres mati\u00e8res premi\u00e8res botaniques font partie des missions actuelles de nos unit\u00e9s Recherche &amp; D\u00e9veloppement. Floribis ne cesse de rechercher et de d\u00e9velopper des composants innovants aupr\u00e8s de ses secteurs cibles \u00e0 l\u2019\u00e9chelle mondiale.<\/span><span style=\"font-weight: 400;\"><br \/><\/span><span style=\"font-weight: 400;\">Le Jasmin grandiflorum, surnomm\u00e9 \u00ab l&rsquo;or blanc \u00bb de la parfumerie, est l&rsquo;un des extraits les plus prestigieux au monde. Son profil olfactif est d&rsquo;une grande richesse, offrant une complexit\u00e9 sup\u00e9rieure. L&rsquo;absolue de Jasmin grandiflorum, extrait ultime de la fleur r\u00e9colt\u00e9e \u00e0 l&rsquo;aube, est l&rsquo;un des joyaux de la parfumerie mondiale.<\/span><\/p><ul><li style=\"font-weight: 400;\" aria-level=\"1\"><span style=\"font-weight: 400;\">Aspect: liquide visqueux dont la couleur varie du jaune-brun \u00e0 l&rsquo;orang\u00e9 fonc\u00e9<\/span><\/li><li style=\"font-weight: 400;\" aria-level=\"1\"><span style=\"font-weight: 400;\">Ar\u00f4me: Floral puissant, suave, capiteux et intens\u00e9ment enivrant<\/span><\/li><li style=\"font-weight: 400;\" aria-level=\"1\"><span style=\"font-weight: 400;\">Usages:\u00a0 haute parfumerie, soins cosm\u00e9tiques, massage ou olfaction directe en aromath\u00e9rapie et bien \u00eatre<\/span><\/li><li style=\"font-weight: 400;\" aria-level=\"1\"><span style=\"font-weight: 400;\">Conditionnement: f\u00fbt HDPE 30 L, bouteilles aluminium de 250 ml \u00e0 1 L<\/span><\/li><\/ul>\t\t\t\t\t\t\t\t<\/div>\n\t\t\t\t<\/div>\n\t\t\t\t\t<\/div>\n\t\t\t\t<\/div>\n\t\t\t\t<\/div>\n\t\t\t\t<div class=\"swiper-button-prev\"><svg aria-hidden=\"true\" class=\"e-font-icon-svg e-fas-chevron-left\" viewBox=\"0 0 320 512\" xmlns=\"http:\/\/www.w3.org\/2000\/svg\"><path d=\"M34.52 239.03L228.87 44.69c9.37-9.37 24.57-9.37 33.94 0l22.67 22.67c9.36 9.36 9.37 24.52.04 33.9L131.49 256l154.02 154.75c9.34 9.38 9.32 24.54-.04 33.9l-22.67 22.67c-9.37 9.37-24.57 9.37-33.94 0L34.52 272.97c-9.37-9.37-9.37-24.57 0-33.94z\"><\/path><\/svg><\/div>\r\n\t\t<div class=\"swiper-button-next\"><svg aria-hidden=\"true\" class=\"e-font-icon-svg e-fas-chevron-right\" viewBox=\"0 0 320 512\" xmlns=\"http:\/\/www.w3.org\/2000\/svg\"><path d=\"M285.476 272.971L91.132 467.314c-9.373 9.373-24.569 9.373-33.941 0l-22.667-22.667c-9.357-9.357-9.375-24.522-.04-33.901L188.505 256 34.484 101.255c-9.335-9.379-9.317-24.544.04-33.901l22.667-22.667c9.373-9.373 24.569-9.373 33.941 0L285.475 239.03c9.373 9.372 9.373 24.568.001 33.941z\"><\/path><\/svg><\/div>\r\n\t\t<div class=\"swiper-pagination\"><\/div>\r\n\t<\/div>\r\n\t\t\t\t\t<\/div>\n\t\t\t\t<\/div>\n\t\t\t\t\t<\/div>\n\t\t\t\t<\/div>\n\t\t\t\t<\/div>\n\t\t","protected":false},"excerpt":{"rendered":"<p>Autres produits En compl\u00e9ment de ses gammes structur\u00e9es, Floribis propose des plantes aromatiques de Madagascar disponibles sur commande, d\u00e9velopp\u00e9es selon des cahiers des charges sp\u00e9cifiques. Cette offre s\u2019adresse aux industriels, formulateurs et marques recherchant des mati\u00e8res botaniques adapt\u00e9es \u00e0 des besoins pr\u00e9cis, tant en termes de qualit\u00e9, de volumes que d\u2019applications. Concr\u00e8te de Gnidia daphnifolia La concr\u00e8te de Gnidia de Floribis est une mati\u00e8re premi\u00e8re botanique rare, issue de plantes s\u00e9lectionn\u00e9es \u00e0 Madagascar et transform\u00e9e selon un proc\u00e9d\u00e9 ma\u00eetris\u00e9, destin\u00e9 principalement aux applications de parfumerie et de cosm\u00e9tique haut de gamme.Produite en volumes limit\u00e9s et sur la base d\u2019une fili\u00e8re structur\u00e9e, elle s\u2019adresse aux acteurs recherchant une mati\u00e8re distinctive, tra\u00e7able et compatible avec des usages professionnels exigeants.La concr\u00e8te de Gnidia Floribis se caract\u00e9rise par un profil aromatique riche, profond et singulier, apportant une signature botanique originale aux compositions.Cette mati\u00e8re est obtenue par extraction \u00e0 partir de la plante, permettant de concentrer les compos\u00e9s aromatiques et d\u2019offrir une expression olfactive dense et structur\u00e9e. Aspect: p\u00e2te cireuse, souvent de couleur sombre ou ambr\u00e9e Ar\u00f4me: Frais et caract\u00e9ristique du phellandr\u00e8ne Usages:\u00a0 base pour l&rsquo;absolue de Gnidia daphnifolia, composant de c\u0153ur dans des fragrances de luxe, produits de soin Conditionnement:f\u00fbt HDPE 30 L, bouteilles aluminium de 250 ml \u00e0 1 L Autres plantes botaniques Les autres mati\u00e8res premi\u00e8res botaniques font partie des missions actuelles de nos unit\u00e9s Recherche &amp; D\u00e9veloppement. Floribis ne cesse de rechercher et de d\u00e9velopper des composants innovants aupr\u00e8s de ses secteurs cibles \u00e0 l\u2019\u00e9chelle mondiale.Le Jasmin grandiflorum, surnomm\u00e9 \u00ab l&rsquo;or blanc \u00bb de la parfumerie, est l&rsquo;un des extraits les plus prestigieux au monde. Son profil olfactif est d&rsquo;une grande richesse, offrant une complexit\u00e9 sup\u00e9rieure. L&rsquo;absolue de Jasmin grandiflorum, extrait ultime de la fleur r\u00e9colt\u00e9e \u00e0 l&rsquo;aube, est l&rsquo;un des joyaux de la parfumerie mondiale. Aspect: liquide visqueux dont la couleur varie du jaune-brun \u00e0 l&rsquo;orang\u00e9 fonc\u00e9 Ar\u00f4me: Floral puissant, suave, capiteux et intens\u00e9ment enivrant Usages:\u00a0 haute parfumerie, soins cosm\u00e9tiques, massage ou olfaction directe en aromath\u00e9rapie et bien \u00eatre Conditionnement: f\u00fbt HDPE 30 L, bouteilles aluminium de 250 ml \u00e0 1 L<\/p>\n","protected":false},"author":1,"featured_media":0,"parent":32,"menu_order":0,"comment_status":"closed","ping_status":"closed","template":"","meta":{"footnotes":""},"class_list":["post-856","page","type-page","status-publish","hentry"],"_links":{"self":[{"href":"https:\/\/promo.ppm.mg\/index.php\/wp-json\/wp\/v2\/pages\/856","targetHints":{"allow":["GET"]}}],"collection":[{"href":"https:\/\/promo.ppm.mg\/index.php\/wp-json\/wp\/v2\/pages"}],"about":[{"href":"https:\/\/promo.ppm.mg\/index.php\/wp-json\/wp\/v2\/types\/page"}],"author":[{"embeddable":true,"href":"https:\/\/promo.ppm.mg\/index.php\/wp-json\/wp\/v2\/users\/1"}],"replies":[{"embeddable":true,"href":"https:\/\/promo.ppm.mg\/index.php\/wp-json\/wp\/v2\/comments?post=856"}],"version-history":[{"count":28,"href":"https:\/\/promo.ppm.mg\/index.php\/wp-json\/wp\/v2\/pages\/856\/revisions"}],"predecessor-version":[{"id":1809,"href":"https:\/\/promo.ppm.mg\/index.php\/wp-json\/wp\/v2\/pages\/856\/revisions\/1809"}],"up":[{"embeddable":true,"href":"https:\/\/promo.ppm.mg\/index.php\/wp-json\/wp\/v2\/pages\/32"}],"wp:attachment":[{"href":"https:\/\/promo.ppm.mg\/index.php\/wp-json\/wp\/v2\/media?parent=856"}],"curies":[{"name":"wp","href":"https:\/\/api.w.org\/{rel}","templated":true}]}}