{"id":845,"date":"2026-03-29T18:17:20","date_gmt":"2026-03-29T18:17:20","guid":{"rendered":"https:\/\/promo.ppm.mg\/?page_id=845"},"modified":"2026-03-31T20:02:33","modified_gmt":"2026-03-31T20:02:33","slug":"schinus-terebinthifolius","status":"publish","type":"page","link":"https:\/\/promo.ppm.mg\/index.php\/nos-produits\/baie-rose\/schinus-terebinthifolius\/","title":{"rendered":"Schinus terebinthifolius"},"content":{"rendered":"\t\t<div data-elementor-type=\"wp-page\" data-elementor-id=\"845\" class=\"elementor elementor-845\">\n\t\t\t\t<div class=\"elementor-element elementor-element-86efcc5 e-con-full e-flex wpr-particle-no wpr-jarallax-no wpr-parallax-no wpr-sticky-section-no e-con e-parent\" data-id=\"86efcc5\" data-element_type=\"container\" data-e-type=\"container\" data-settings=\"{&quot;background_background&quot;:&quot;classic&quot;}\">\n\t\t\t\t<div class=\"elementor-element elementor-element-b62b939 elementor-widget elementor-widget-heading\" data-id=\"b62b939\" data-element_type=\"widget\" data-e-type=\"widget\" data-widget_type=\"heading.default\">\n\t\t\t\t\t<h2 class=\"elementor-heading-title elementor-size-default\">Schinus terebinthifolius<\/h2>\t\t\t\t<\/div>\n\t\t\t\t<div class=\"elementor-element elementor-element-e5df813 elementor-widget-divider--separator-type-pattern elementor-widget-divider--view-line elementor-widget elementor-widget-divider\" data-id=\"e5df813\" data-element_type=\"widget\" data-e-type=\"widget\" data-widget_type=\"divider.default\">\n\t\t\t\t\t\t\t<div class=\"elementor-divider\" style=\"--divider-pattern-url: url(&quot;data:image\/svg+xml,%3Csvg xmlns=&#039;http:\/\/www.w3.org\/2000\/svg&#039; preserveAspectRatio=&#039;none&#039; overflow=&#039;visible&#039; height=&#039;100%&#039; viewBox=&#039;0 0 20 16&#039; fill=&#039;none&#039; stroke=&#039;black&#039; stroke-width=&#039;1&#039; stroke-linecap=&#039;square&#039; stroke-miterlimit=&#039;10&#039;%3E%3Cg transform=&#039;translate(-12.000000, 0)&#039;%3E%3Cpath d=&#039;M28,0L10,18&#039;\/%3E%3Cpath d=&#039;M18,0L0,18&#039;\/%3E%3Cpath d=&#039;M48,0L30,18&#039;\/%3E%3Cpath d=&#039;M38,0L20,18&#039;\/%3E%3C\/g%3E%3C\/svg%3E&quot;);\">\n\t\t\t<span class=\"elementor-divider-separator\">\n\t\t\t\t\t\t<\/span>\n\t\t<\/div>\n\t\t\t\t\t\t<\/div>\n\t\t\t\t<div class=\"elementor-element elementor-element-570640c elementor-widget__width-initial elementor-widget elementor-widget-text-editor\" data-id=\"570640c\" data-element_type=\"widget\" data-e-type=\"widget\" data-widget_type=\"text-editor.default\">\n\t\t\t\t\t\t\t\t\t<p><span style=\"font-weight: 400;\">La ma\u00eetrise des diff\u00e9rents niveaux de fractionnement, combin\u00e9e \u00e0 la conformit\u00e9 AFNOR et au contr\u00f4le de la constance olfactive, constitue un gage de fiabilit\u00e9 pour les applications en parfumerie et en cosm\u00e9tique<\/span><\/p><p><span style=\"font-weight: 400;\">La baie rose Floribis est propos\u00e9e en diff\u00e9rentes qualit\u00e9s (Grades 1, 2 et 3) ainsi qu\u2019en huile essentielle, afin de r\u00e9pondre aux exigences vari\u00e9es des applications agroalimentaires et aromatiques, cosm\u00e9tiques et bien-\u00eatre n\u00e9cessitant une mati\u00e8re premi\u00e8re fiable, r\u00e9guli\u00e8re et tra\u00e7able.<\/span><span style=\"font-weight: 400;\"><br \/><\/span><span style=\"font-weight: 400;\">La segmentation par grade et les conditionnements industriels disponibles permettent une int\u00e9gration fluide dans les process de transformation, tout en facilitant la gestion des approvisionnements.<\/span><\/p>\t\t\t\t\t\t\t\t<\/div>\n\t\t\t\t<\/div>\n\t\t<div class=\"elementor-element elementor-element-58dbc46 e-flex e-con-boxed wpr-particle-no wpr-jarallax-no wpr-parallax-no wpr-sticky-section-no e-con e-parent\" data-id=\"58dbc46\" data-element_type=\"container\" data-e-type=\"container\">\n\t\t\t\t\t<div class=\"e-con-inner\">\n\t\t\t\t<div class=\"elementor-element elementor-element-999e795 elementor-widget elementor-widget-rainbow_slider_widget\" data-id=\"999e795\" data-element_type=\"widget\" data-e-type=\"widget\" data-widget_type=\"rainbow_slider_widget.default\">\n\t\t\t\t<div class=\"elementor-widget-container\">\n\t\t\t\t\t\t<div class=\"swiper rainbow-slider rainbow-nav-view-default rainbow-nav-shape- rainbow-pag-view-default rainbow-pag-shape-\" data-pag-html=\"&lt;svg aria-hidden=&quot;true&quot; class=&quot;e-font-icon-svg e-fas-circle&quot; viewBox=&quot;0 0 512 512&quot; xmlns=&quot;http:\/\/www.w3.org\/2000\/svg&quot;&gt;&lt;path d=&quot;M256 8C119 8 8 119 8 256s111 248 248 248 248-111 248-248S393 8 256 8z&quot;&gt;&lt;\/path&gt;&lt;\/svg&gt;\" data-loop=\"yes\" data-hover-pause=\"yes\" data-delay=\"100000\" data-first-anim=\"1000\" data-next-anim=\"300\" data-first-anim-type=\"none\" data-effect=\"creative\" data-creative-in=\"move-right\" data-creative-out=\"move-left\" data-pag-type=\"icon\" data-pag-html=\"&lt;svg aria-hidden=&quot;true&quot; class=&quot;e-font-icon-svg e-fas-circle&quot; viewBox=&quot;0 0 512 512&quot; xmlns=&quot;http:\/\/www.w3.org\/2000\/svg&quot;&gt;&lt;path d=&quot;M256 8C119 8 8 119 8 256s111 248 248 248 248-111 248-248S393 8 256 8z&quot;&gt;&lt;\/path&gt;&lt;\/svg&gt;\">\r\n\t\t\t\t<div data-elementor-type=\"wp-post\" data-elementor-id=\"850\" class=\"elementor elementor-850\">\n\t\t\t\t<div class=\"elementor-element elementor-element-4fd0c4e e-flex e-con-boxed wpr-particle-no wpr-jarallax-no wpr-parallax-no wpr-sticky-section-no e-con e-parent\" data-id=\"4fd0c4e\" data-element_type=\"container\" data-e-type=\"container\">\n\t\t\t\t\t<div class=\"e-con-inner\">\n\t\t<div class=\"elementor-element elementor-element-bb6f115 e-con-full e-flex wpr-particle-no wpr-jarallax-no wpr-parallax-no wpr-sticky-section-no e-con e-child\" data-id=\"bb6f115\" data-element_type=\"container\" data-e-type=\"container\">\n\t\t\t\t<div class=\"elementor-element elementor-element-ef7f32e elementor-widget elementor-widget-heading\" data-id=\"ef7f32e\" data-element_type=\"widget\" data-e-type=\"widget\" data-widget_type=\"heading.default\">\n\t\t\t\t\t<h3 class=\"elementor-heading-title elementor-size-default\">Baie rose en graines \u2013 Grade I <\/h3>\t\t\t\t<\/div>\n\t\t\t\t<div class=\"elementor-element elementor-element-b837b63 elementor-widget elementor-widget-text-editor\" data-id=\"b837b63\" data-element_type=\"widget\" data-e-type=\"widget\" data-widget_type=\"text-editor.default\">\n\t\t\t\t\t\t\t\t\t<p><span style=\"font-weight: 400;\">La baie rose Grade I de Floribis correspond \u00e0 une s\u00e9lection de graines enti\u00e8res, homog\u00e8nes et visuellement qualitatives, destin\u00e9es aux applications n\u00e9cessitant une qualit\u00e9 premium et une pr\u00e9sentation soign\u00e9e. <\/span><span style=\"font-weight: 400;\"><br \/><\/span><span style=\"font-weight: 400;\">Ce grade offre un profil aromatique net et expressif, adapt\u00e9 aux usages o\u00f9 la baie rose est utilis\u00e9e telle quelle ou comme ingr\u00e9dient visible. <\/span><span style=\"font-weight: 400;\"><br \/><\/span><span style=\"font-weight: 400;\">Gr\u00e2ce \u00e0 une s\u00e9lection rigoureuse et \u00e0 un conditionnement adapt\u00e9, cette qualit\u00e9 garantit une r\u00e9gularit\u00e9 des lots et une int\u00e9gration fiable dans les cha\u00eenes de transformation.<\/span><\/p><ul><li style=\"font-weight: 400;\" aria-level=\"1\"><span style=\"font-weight: 400;\">Humidit\u00e9 : \u2264 12%<\/span><\/li><li style=\"font-weight: 400;\" aria-level=\"1\"><span style=\"font-weight: 400;\">Teneur : Sp\u00e9cifications<\/span><\/li><li style=\"font-weight: 400;\" aria-level=\"1\"><span style=\"font-weight: 400;\">Couleur\u00a0 : Rose vif<\/span><\/li><li style=\"font-weight: 400;\" aria-level=\"1\"><span style=\"font-weight: 400;\">Notes: Odeur douce-piquante<\/span><\/li><li style=\"font-weight: 400;\" aria-level=\"1\"><span style=\"font-weight: 400;\">Usages principaux: agroalimentaire premium, \u00e9picerie fine, transformation alimentaire qualitative, usages aromatiques visibles<\/span><\/li><li style=\"font-weight: 400;\" aria-level=\"1\"><span style=\"font-weight: 400;\">Conditionnement:sacs polypropyl\u00e8ne 15 kg, sacs alimentaires 1 kg et 5 kg regroup\u00e9s en cartons de 9 kg<\/span><\/li><\/ul>\t\t\t\t\t\t\t\t<\/div>\n\t\t\t\t<\/div>\n\t\t<div class=\"elementor-element elementor-element-dece114 e-con-full e-flex wpr-particle-no wpr-jarallax-no wpr-parallax-no wpr-sticky-section-no e-con e-child\" data-id=\"dece114\" data-element_type=\"container\" data-e-type=\"container\" data-settings=\"{&quot;background_background&quot;:&quot;classic&quot;}\">\n\t\t\t\t<\/div>\n\t\t\t\t\t<\/div>\n\t\t\t\t<\/div>\n\t\t<div class=\"elementor-element elementor-element-0c56002 e-flex e-con-boxed wpr-particle-no wpr-jarallax-no wpr-parallax-no wpr-sticky-section-no e-con e-parent\" data-id=\"0c56002\" data-element_type=\"container\" data-e-type=\"container\">\n\t\t\t\t\t<div class=\"e-con-inner\">\n\t\t<div class=\"elementor-element elementor-element-12f21e9 e-con-full e-flex wpr-particle-no wpr-jarallax-no wpr-parallax-no wpr-sticky-section-no e-con e-child\" data-id=\"12f21e9\" data-element_type=\"container\" data-e-type=\"container\" data-settings=\"{&quot;background_background&quot;:&quot;classic&quot;}\">\n\t\t\t\t<\/div>\n\t\t<div class=\"elementor-element elementor-element-b11ddc4 e-con-full e-flex wpr-particle-no wpr-jarallax-no wpr-parallax-no wpr-sticky-section-no e-con e-child\" data-id=\"b11ddc4\" data-element_type=\"container\" data-e-type=\"container\">\n\t\t\t\t<div class=\"elementor-element elementor-element-3fe6992 elementor-widget elementor-widget-heading\" data-id=\"3fe6992\" data-element_type=\"widget\" data-e-type=\"widget\" data-widget_type=\"heading.default\">\n\t\t\t\t\t<h3 class=\"elementor-heading-title elementor-size-default\">Baie rose en graines \u2013 Grade II <\/h3>\t\t\t\t<\/div>\n\t\t\t\t<div class=\"elementor-element elementor-element-4af750f elementor-widget elementor-widget-text-editor\" data-id=\"4af750f\" data-element_type=\"widget\" data-e-type=\"widget\" data-widget_type=\"text-editor.default\">\n\t\t\t\t\t\t\t\t\t<p><span style=\"font-weight: 400;\">La baie rose Grade II de Floribis est destin\u00e9e aux applications industrielles n\u00e9cessitant une bonne intensit\u00e9 aromatique, tout en privil\u00e9giant la performance fonctionnelle et la r\u00e9gularit\u00e9 d\u2019approvisionnement.<\/span><span style=\"font-weight: 400;\"><br \/><\/span><span style=\"font-weight: 400;\">Ce grade constitue un \u00e9quilibre optimal entre qualit\u00e9 aromatique et rendement, facilitant son utilisation dans des process de transformation o\u00f9 l\u2019aspect visuel est secondaire par rapport \u00e0 la fonctionnalit\u00e9.<\/span><\/p><ul><li style=\"font-weight: 400;\" aria-level=\"1\"><span style=\"font-weight: 400;\">Humidit\u00e9 : \u2264 13<\/span><\/li><li style=\"font-weight: 400;\" aria-level=\"1\"><span style=\"font-weight: 400;\">Teneur : Sp\u00e9cifications<\/span><\/li><li style=\"font-weight: 400;\" aria-level=\"1\"><span style=\"font-weight: 400;\">Couleur : Rose \u00e0 rouge<\/span><\/li><li style=\"font-weight: 400;\" aria-level=\"1\"><span style=\"font-weight: 400;\">Notes: Odeur douce-piquante<\/span><\/li><li style=\"font-weight: 400;\" aria-level=\"1\"><span style=\"font-weight: 400;\">Usages principaux: agroalimentaire industriel, transformation et broyage, pr\u00e9parations aromatiques, m\u00e9langes alimentaires<\/span><\/li><li style=\"font-weight: 400;\" aria-level=\"1\"><span style=\"font-weight: 400;\">Conditionnement:sacs polypropyl\u00e8ne 15 kg, sacs alimentaires 1 kg et 5 kg regroup\u00e9s en cartons de 9 kg<\/span><\/li><\/ul>\t\t\t\t\t\t\t\t<\/div>\n\t\t\t\t<\/div>\n\t\t\t\t\t<\/div>\n\t\t\t\t<\/div>\n\t\t<div class=\"elementor-element elementor-element-10a5020 e-flex e-con-boxed wpr-particle-no wpr-jarallax-no wpr-parallax-no wpr-sticky-section-no e-con e-parent\" data-id=\"10a5020\" data-element_type=\"container\" data-e-type=\"container\">\n\t\t\t\t\t<div class=\"e-con-inner\">\n\t\t<div class=\"elementor-element elementor-element-03710c4 e-con-full e-flex wpr-particle-no wpr-jarallax-no wpr-parallax-no wpr-sticky-section-no e-con e-child\" data-id=\"03710c4\" data-element_type=\"container\" data-e-type=\"container\">\n\t\t\t\t<div class=\"elementor-element elementor-element-918fa5b elementor-widget elementor-widget-heading\" data-id=\"918fa5b\" data-element_type=\"widget\" data-e-type=\"widget\" data-widget_type=\"heading.default\">\n\t\t\t\t\t<h3 class=\"elementor-heading-title elementor-size-default\">Baie rose en graines \u2013 Grade III<\/h3>\t\t\t\t<\/div>\n\t\t\t\t<div class=\"elementor-element elementor-element-994b0a3 elementor-widget elementor-widget-text-editor\" data-id=\"994b0a3\" data-element_type=\"widget\" data-e-type=\"widget\" data-widget_type=\"text-editor.default\">\n\t\t\t\t\t\t\t\t\t<p><span style=\"font-weight: 400;\">La baie rose Grade III Floribis est s\u00e9lectionn\u00e9e pour des usages industriels orient\u00e9s vers la transformation, l\u2019extraction ou la distillation, o\u00f9 la valeur aromatique prime sur l\u2019apparence.<\/span><span style=\"font-weight: 400;\"><br \/><\/span><span style=\"font-weight: 400;\">Cette d\u00e9clinaison permet une optimisation des co\u00fbts, tout en conservant un profil aromatique compatible avec les exigences des applications industrielles \u00e0 grande \u00e9chelle.<\/span><\/p><ul><li style=\"font-weight: 400;\" aria-level=\"1\"><span style=\"font-weight: 400;\">Humidit\u00e9 : \u2264 14<\/span><\/li><li style=\"font-weight: 400;\" aria-level=\"1\"><span style=\"font-weight: 400;\">Teneur : Sp\u00e9cifications<\/span><\/li><li style=\"font-weight: 400;\" aria-level=\"1\"><span style=\"font-weight: 400;\">Couleur : Mixte (Noir, Rouge,Blanc, Rose)<\/span><\/li><li style=\"font-weight: 400;\" aria-level=\"1\"><span style=\"font-weight: 400;\">Notes: Odeur douce-piquante<\/span><\/li><li style=\"font-weight: 400;\" aria-level=\"1\"><span style=\"font-weight: 400;\">Usages principaux: adapt\u00e9 \u00e0 l\u2019extraction, distillation, transformation agroalimentaire, usages industriels sp\u00e9cifiques<\/span><\/li><li style=\"font-weight: 400;\" aria-level=\"1\"><span style=\"font-weight: 400;\">Conditionnement:sacs polypropyl\u00e8ne 15 kg, sacs alimentaires 1 kg et 5 kg regroup\u00e9s en cartons de 9 kg<\/span><\/li><\/ul>\t\t\t\t\t\t\t\t<\/div>\n\t\t\t\t<\/div>\n\t\t<div class=\"elementor-element elementor-element-1879a5f e-con-full e-flex wpr-particle-no wpr-jarallax-no wpr-parallax-no wpr-sticky-section-no e-con e-child\" data-id=\"1879a5f\" data-element_type=\"container\" data-e-type=\"container\" data-settings=\"{&quot;background_background&quot;:&quot;classic&quot;}\">\n\t\t\t\t<\/div>\n\t\t\t\t\t<\/div>\n\t\t\t\t<\/div>\n\t\t<div class=\"elementor-element elementor-element-2a3a086 e-flex e-con-boxed wpr-particle-no wpr-jarallax-no wpr-parallax-no wpr-sticky-section-no e-con e-parent\" data-id=\"2a3a086\" data-element_type=\"container\" data-e-type=\"container\">\n\t\t\t\t\t<div class=\"e-con-inner\">\n\t\t<div class=\"elementor-element elementor-element-aec3f83 e-con-full e-flex wpr-particle-no wpr-jarallax-no wpr-parallax-no wpr-sticky-section-no e-con e-child\" data-id=\"aec3f83\" data-element_type=\"container\" data-e-type=\"container\" data-settings=\"{&quot;background_background&quot;:&quot;classic&quot;}\">\n\t\t\t\t<\/div>\n\t\t<div class=\"elementor-element elementor-element-16e6c52 e-con-full e-flex wpr-particle-no wpr-jarallax-no wpr-parallax-no wpr-sticky-section-no e-con e-child\" data-id=\"16e6c52\" data-element_type=\"container\" data-e-type=\"container\">\n\t\t\t\t<div class=\"elementor-element elementor-element-9802404 elementor-widget elementor-widget-heading\" data-id=\"9802404\" data-element_type=\"widget\" data-e-type=\"widget\" data-widget_type=\"heading.default\">\n\t\t\t\t\t<h3 class=\"elementor-heading-title elementor-size-default\">Huile essentielle de baie rose <\/h3>\t\t\t\t<\/div>\n\t\t\t\t<div class=\"elementor-element elementor-element-a47fd05 elementor-widget elementor-widget-text-editor\" data-id=\"a47fd05\" data-element_type=\"widget\" data-e-type=\"widget\" data-widget_type=\"text-editor.default\">\n\t\t\t\t\t\t\t\t\t<p><span style=\"font-weight: 400;\">L\u2019huile essentielle de baie rose de Floribis est obtenue par distillation des baies s\u00e9lectionn\u00e9es, afin de restituer une note aromatique fra\u00eeche, \u00e9pic\u00e9e et l\u00e9g\u00e8rement poivr\u00e9e, caract\u00e9ristique de cette mati\u00e8re premi\u00e8re.<\/span><span style=\"font-weight: 400;\"><br \/><\/span><span style=\"font-weight: 400;\">Elle est destin\u00e9e aux applications aromatiques, cosm\u00e9tiques et bien-\u00eatre, o\u00f9 une note fra\u00eeche et stimulante est recherch\u00e9e, tout en garantissant une bonne stabilit\u00e9 et une reproductibilit\u00e9 des lots.<\/span><span style=\"font-weight: 400;\"><br \/><\/span><span style=\"font-weight: 400;\">Gr\u00e2ce \u00e0 une fili\u00e8re ma\u00eetris\u00e9e et \u00e0 une capacit\u00e9 de production structur\u00e9e, Floribis propose une huile essentielle adapt\u00e9e aux volumes industriels, accompagn\u00e9e d\u2019une documentation conforme aux attentes des entreprises internationales.<\/span><\/p><ul><li style=\"font-weight: 400;\" aria-level=\"1\"><span style=\"font-weight: 400;\">Huile essentielle pour cosm\u00e9tique, hygi\u00e8ne ou bien-\u00eatre<\/span><\/li><li style=\"font-weight: 400;\" aria-level=\"1\"><span style=\"font-weight: 400;\">Composants:<\/span><span style=\"font-weight: 400;\"><br \/><\/span><span style=\"font-weight: 400;\">Sabinene \u2264 12 %\u00a0<\/span><\/li><\/ul><p><span style=\"font-weight: 400;\">\u03b4-3-car\u00e8ne C\u226428%<\/span><\/p><ul><li style=\"font-weight: 400;\" aria-level=\"1\"><span style=\"font-weight: 400;\">Forme: Liquide jaune p\u00e2le<\/span><\/li><li style=\"font-weight: 400;\" aria-level=\"1\"><span style=\"font-weight: 400;\">Ar\u00f4me: Frais et caract\u00e9ristique du phellandr\u00e8ne<\/span><\/li><li style=\"font-weight: 400;\" aria-level=\"1\"><span style=\"font-weight: 400;\">Usages: aromath\u00e9rapie et bien-\u00eatre, produits cosm\u00e9tiques parfum\u00e9s, formulations aromatiques, usages fonctionnels<\/span><\/li><li style=\"font-weight: 400;\" aria-level=\"1\"><span style=\"font-weight: 400;\">Conditionnement: f\u00fbt PEHD de 30 L, bidon de 5 L, bouteille de 1L<\/span><\/li><\/ul>\t\t\t\t\t\t\t\t<\/div>\n\t\t\t\t<\/div>\n\t\t\t\t\t<\/div>\n\t\t\t\t<\/div>\n\t\t\t\t<\/div>\n\t\t\t\t<div class=\"swiper-button-prev\"><svg aria-hidden=\"true\" class=\"e-font-icon-svg e-fas-chevron-left\" viewBox=\"0 0 320 512\" xmlns=\"http:\/\/www.w3.org\/2000\/svg\"><path d=\"M34.52 239.03L228.87 44.69c9.37-9.37 24.57-9.37 33.94 0l22.67 22.67c9.36 9.36 9.37 24.52.04 33.9L131.49 256l154.02 154.75c9.34 9.38 9.32 24.54-.04 33.9l-22.67 22.67c-9.37 9.37-24.57 9.37-33.94 0L34.52 272.97c-9.37-9.37-9.37-24.57 0-33.94z\"><\/path><\/svg><\/div>\r\n\t\t<div class=\"swiper-button-next\"><svg aria-hidden=\"true\" class=\"e-font-icon-svg e-fas-chevron-right\" viewBox=\"0 0 320 512\" xmlns=\"http:\/\/www.w3.org\/2000\/svg\"><path d=\"M285.476 272.971L91.132 467.314c-9.373 9.373-24.569 9.373-33.941 0l-22.667-22.667c-9.357-9.357-9.375-24.522-.04-33.901L188.505 256 34.484 101.255c-9.335-9.379-9.317-24.544.04-33.901l22.667-22.667c9.373-9.373 24.569-9.373 33.941 0L285.475 239.03c9.373 9.372 9.373 24.568.001 33.941z\"><\/path><\/svg><\/div>\r\n\t\t<div class=\"swiper-pagination\"><\/div>\r\n\t<\/div>\r\n\t\t\t\t\t<\/div>\n\t\t\t\t<\/div>\n\t\t\t\t\t<\/div>\n\t\t\t\t<\/div>\n\t\t\t\t<\/div>\n\t\t","protected":false},"excerpt":{"rendered":"<p>Schinus terebinthifolius La ma\u00eetrise des diff\u00e9rents niveaux de fractionnement, combin\u00e9e \u00e0 la conformit\u00e9 AFNOR et au contr\u00f4le de la constance olfactive, constitue un gage de fiabilit\u00e9 pour les applications en parfumerie et en cosm\u00e9tique La baie rose Floribis est propos\u00e9e en diff\u00e9rentes qualit\u00e9s (Grades 1, 2 et 3) ainsi qu\u2019en huile essentielle, afin de r\u00e9pondre aux exigences vari\u00e9es des applications agroalimentaires et aromatiques, cosm\u00e9tiques et bien-\u00eatre n\u00e9cessitant une mati\u00e8re premi\u00e8re fiable, r\u00e9guli\u00e8re et tra\u00e7able.La segmentation par grade et les conditionnements industriels disponibles permettent une int\u00e9gration fluide dans les process de transformation, tout en facilitant la gestion des approvisionnements. Baie rose en graines \u2013 Grade I La baie rose Grade I de Floribis correspond \u00e0 une s\u00e9lection de graines enti\u00e8res, homog\u00e8nes et visuellement qualitatives, destin\u00e9es aux applications n\u00e9cessitant une qualit\u00e9 premium et une pr\u00e9sentation soign\u00e9e. Ce grade offre un profil aromatique net et expressif, adapt\u00e9 aux usages o\u00f9 la baie rose est utilis\u00e9e telle quelle ou comme ingr\u00e9dient visible. Gr\u00e2ce \u00e0 une s\u00e9lection rigoureuse et \u00e0 un conditionnement adapt\u00e9, cette qualit\u00e9 garantit une r\u00e9gularit\u00e9 des lots et une int\u00e9gration fiable dans les cha\u00eenes de transformation. Humidit\u00e9 : \u2264 12% Teneur : Sp\u00e9cifications Couleur\u00a0 : Rose vif Notes: Odeur douce-piquante Usages principaux: agroalimentaire premium, \u00e9picerie fine, transformation alimentaire qualitative, usages aromatiques visibles Conditionnement:sacs polypropyl\u00e8ne 15 kg, sacs alimentaires 1 kg et 5 kg regroup\u00e9s en cartons de 9 kg Baie rose en graines \u2013 Grade II La baie rose Grade II de Floribis est destin\u00e9e aux applications industrielles n\u00e9cessitant une bonne intensit\u00e9 aromatique, tout en privil\u00e9giant la performance fonctionnelle et la r\u00e9gularit\u00e9 d\u2019approvisionnement.Ce grade constitue un \u00e9quilibre optimal entre qualit\u00e9 aromatique et rendement, facilitant son utilisation dans des process de transformation o\u00f9 l\u2019aspect visuel est secondaire par rapport \u00e0 la fonctionnalit\u00e9. Humidit\u00e9 : \u2264 13 Teneur : Sp\u00e9cifications Couleur : Rose \u00e0 rouge Notes: Odeur douce-piquante Usages principaux: agroalimentaire industriel, transformation et broyage, pr\u00e9parations aromatiques, m\u00e9langes alimentaires Conditionnement:sacs polypropyl\u00e8ne 15 kg, sacs alimentaires 1 kg et 5 kg regroup\u00e9s en cartons de 9 kg Baie rose en graines \u2013 Grade III La baie rose Grade III Floribis est s\u00e9lectionn\u00e9e pour des usages industriels orient\u00e9s vers la transformation, l\u2019extraction ou la distillation, o\u00f9 la valeur aromatique prime sur l\u2019apparence.Cette d\u00e9clinaison permet une optimisation des co\u00fbts, tout en conservant un profil aromatique compatible avec les exigences des applications industrielles \u00e0 grande \u00e9chelle. Humidit\u00e9 : \u2264 14 Teneur : Sp\u00e9cifications Couleur : Mixte (Noir, Rouge,Blanc, Rose) Notes: Odeur douce-piquante Usages principaux: adapt\u00e9 \u00e0 l\u2019extraction, distillation, transformation agroalimentaire, usages industriels sp\u00e9cifiques Conditionnement:sacs polypropyl\u00e8ne 15 kg, sacs alimentaires 1 kg et 5 kg regroup\u00e9s en cartons de 9 kg Huile essentielle de baie rose L\u2019huile essentielle de baie rose de Floribis est obtenue par distillation des baies s\u00e9lectionn\u00e9es, afin de restituer une note aromatique fra\u00eeche, \u00e9pic\u00e9e et l\u00e9g\u00e8rement poivr\u00e9e, caract\u00e9ristique de cette mati\u00e8re premi\u00e8re.Elle est destin\u00e9e aux applications aromatiques, cosm\u00e9tiques et bien-\u00eatre, o\u00f9 une note fra\u00eeche et stimulante est recherch\u00e9e, tout en garantissant une bonne stabilit\u00e9 et une reproductibilit\u00e9 des lots.Gr\u00e2ce \u00e0 une fili\u00e8re ma\u00eetris\u00e9e et \u00e0 une capacit\u00e9 de production structur\u00e9e, Floribis propose une huile essentielle adapt\u00e9e aux volumes industriels, accompagn\u00e9e d\u2019une documentation conforme aux attentes des entreprises internationales. Huile essentielle pour cosm\u00e9tique, hygi\u00e8ne ou bien-\u00eatre Composants:Sabinene \u2264 12 %\u00a0 \u03b4-3-car\u00e8ne C\u226428% Forme: Liquide jaune p\u00e2le Ar\u00f4me: Frais et caract\u00e9ristique du phellandr\u00e8ne Usages: aromath\u00e9rapie et bien-\u00eatre, produits cosm\u00e9tiques parfum\u00e9s, formulations aromatiques, usages fonctionnels Conditionnement: f\u00fbt PEHD de 30 L, bidon de 5 L, bouteille de 1L<\/p>\n","protected":false},"author":1,"featured_media":0,"parent":837,"menu_order":0,"comment_status":"closed","ping_status":"closed","template":"","meta":{"footnotes":""},"class_list":["post-845","page","type-page","status-publish","hentry"],"_links":{"self":[{"href":"https:\/\/promo.ppm.mg\/index.php\/wp-json\/wp\/v2\/pages\/845","targetHints":{"allow":["GET"]}}],"collection":[{"href":"https:\/\/promo.ppm.mg\/index.php\/wp-json\/wp\/v2\/pages"}],"about":[{"href":"https:\/\/promo.ppm.mg\/index.php\/wp-json\/wp\/v2\/types\/page"}],"author":[{"embeddable":true,"href":"https:\/\/promo.ppm.mg\/index.php\/wp-json\/wp\/v2\/users\/1"}],"replies":[{"embeddable":true,"href":"https:\/\/promo.ppm.mg\/index.php\/wp-json\/wp\/v2\/comments?post=845"}],"version-history":[{"count":28,"href":"https:\/\/promo.ppm.mg\/index.php\/wp-json\/wp\/v2\/pages\/845\/revisions"}],"predecessor-version":[{"id":1806,"href":"https:\/\/promo.ppm.mg\/index.php\/wp-json\/wp\/v2\/pages\/845\/revisions\/1806"}],"up":[{"embeddable":true,"href":"https:\/\/promo.ppm.mg\/index.php\/wp-json\/wp\/v2\/pages\/837"}],"wp:attachment":[{"href":"https:\/\/promo.ppm.mg\/index.php\/wp-json\/wp\/v2\/media?parent=845"}],"curies":[{"name":"wp","href":"https:\/\/api.w.org\/{rel}","templated":true}]}}