{"id":732,"date":"2026-03-29T15:11:35","date_gmt":"2026-03-29T15:11:35","guid":{"rendered":"https:\/\/promo.ppm.mg\/?page_id=732"},"modified":"2026-03-31T20:02:51","modified_gmt":"2026-03-31T20:02:51","slug":"vanille-en-gousse","status":"publish","type":"page","link":"https:\/\/promo.ppm.mg\/index.php\/vanille-en-gousse\/","title":{"rendered":"Vanille en gousse"},"content":{"rendered":"\t\t<div data-elementor-type=\"wp-page\" data-elementor-id=\"732\" class=\"elementor elementor-732\">\n\t\t\t\t<div class=\"elementor-element elementor-element-86efcc5 e-con-full e-flex wpr-particle-no wpr-jarallax-no wpr-parallax-no wpr-sticky-section-no e-con e-parent\" data-id=\"86efcc5\" data-element_type=\"container\" data-e-type=\"container\" data-settings=\"{&quot;background_background&quot;:&quot;classic&quot;}\">\n\t\t\t\t<div class=\"elementor-element elementor-element-b62b939 elementor-widget elementor-widget-heading\" data-id=\"b62b939\" data-element_type=\"widget\" data-e-type=\"widget\" data-widget_type=\"heading.default\">\n\t\t\t\t\t<h2 class=\"elementor-heading-title elementor-size-default\">Vanille en gousse<\/h2>\t\t\t\t<\/div>\n\t\t\t\t<div class=\"elementor-element elementor-element-29f646b elementor-widget-divider--separator-type-pattern elementor-widget-divider--view-line elementor-widget elementor-widget-divider\" data-id=\"29f646b\" data-element_type=\"widget\" data-e-type=\"widget\" data-widget_type=\"divider.default\">\n\t\t\t\t\t\t\t<div class=\"elementor-divider\" style=\"--divider-pattern-url: url(&quot;data:image\/svg+xml,%3Csvg xmlns=&#039;http:\/\/www.w3.org\/2000\/svg&#039; preserveAspectRatio=&#039;none&#039; overflow=&#039;visible&#039; height=&#039;100%&#039; viewBox=&#039;0 0 20 16&#039; fill=&#039;none&#039; stroke=&#039;black&#039; stroke-width=&#039;1&#039; stroke-linecap=&#039;square&#039; stroke-miterlimit=&#039;10&#039;%3E%3Cg transform=&#039;translate(-12.000000, 0)&#039;%3E%3Cpath d=&#039;M28,0L10,18&#039;\/%3E%3Cpath d=&#039;M18,0L0,18&#039;\/%3E%3Cpath d=&#039;M48,0L30,18&#039;\/%3E%3Cpath d=&#039;M38,0L20,18&#039;\/%3E%3C\/g%3E%3C\/svg%3E&quot;);\">\n\t\t\t<span class=\"elementor-divider-separator\">\n\t\t\t\t\t\t<\/span>\n\t\t<\/div>\n\t\t\t\t\t\t<\/div>\n\t\t\t\t<div class=\"elementor-element elementor-element-570640c elementor-widget__width-initial elementor-widget elementor-widget-text-editor\" data-id=\"570640c\" data-element_type=\"widget\" data-e-type=\"widget\" data-widget_type=\"text-editor.default\">\n\t\t\t\t\t\t\t\t\t<p><span style=\"font-weight: 400;\">La vanille Bourbon en gousses Floribis incarne l\u2019excellence de l\u2019origine Madagascar. Issue de fili\u00e8res structur\u00e9es et pr\u00e9par\u00e9e avec rigueur, elle se distingue par la richesse et l\u2019\u00e9quilibre de son profil aromatique. S\u00e9lectionn\u00e9e pour r\u00e9pondre aux standards des professionnels, elle constitue une mati\u00e8re premi\u00e8re de r\u00e9f\u00e9rence pour les applications agroalimentaires, cosm\u00e9tiques et parfumantes exigeantes.<\/span><\/p>\t\t\t\t\t\t\t\t<\/div>\n\t\t\t\t<\/div>\n\t\t<div class=\"elementor-element elementor-element-58dbc46 e-flex e-con-boxed wpr-particle-no wpr-jarallax-no wpr-parallax-no wpr-sticky-section-no e-con e-parent\" data-id=\"58dbc46\" data-element_type=\"container\" data-e-type=\"container\">\n\t\t\t\t\t<div class=\"e-con-inner\">\n\t\t\t\t<div class=\"elementor-element elementor-element-999e795 elementor-widget elementor-widget-rainbow_slider_widget\" data-id=\"999e795\" data-element_type=\"widget\" data-e-type=\"widget\" data-widget_type=\"rainbow_slider_widget.default\">\n\t\t\t\t<div class=\"elementor-widget-container\">\n\t\t\t\t\t\t<div class=\"swiper rainbow-slider rainbow-nav-view-default rainbow-nav-shape- rainbow-pag-view-default rainbow-pag-shape-\" data-pag-html=\"&lt;svg aria-hidden=&quot;true&quot; class=&quot;e-font-icon-svg e-fas-circle&quot; viewBox=&quot;0 0 512 512&quot; xmlns=&quot;http:\/\/www.w3.org\/2000\/svg&quot;&gt;&lt;path d=&quot;M256 8C119 8 8 119 8 256s111 248 248 248 248-111 248-248S393 8 256 8z&quot;&gt;&lt;\/path&gt;&lt;\/svg&gt;\" data-loop=\"yes\" data-hover-pause=\"yes\" data-delay=\"100000\" data-first-anim=\"1000\" data-next-anim=\"300\" data-first-anim-type=\"none\" data-effect=\"creative\" data-creative-in=\"move-right\" data-creative-out=\"move-left\" data-pag-type=\"icon\" data-pag-html=\"&lt;svg aria-hidden=&quot;true&quot; class=&quot;e-font-icon-svg e-fas-circle&quot; viewBox=&quot;0 0 512 512&quot; xmlns=&quot;http:\/\/www.w3.org\/2000\/svg&quot;&gt;&lt;path d=&quot;M256 8C119 8 8 119 8 256s111 248 248 248 248-111 248-248S393 8 256 8z&quot;&gt;&lt;\/path&gt;&lt;\/svg&gt;\">\r\n\t\t\t\t<div data-elementor-type=\"wp-post\" data-elementor-id=\"766\" class=\"elementor elementor-766\">\n\t\t\t\t<div class=\"elementor-element elementor-element-4fd0c4e e-flex e-con-boxed wpr-particle-no wpr-jarallax-no wpr-parallax-no wpr-sticky-section-no e-con e-parent\" data-id=\"4fd0c4e\" data-element_type=\"container\" data-e-type=\"container\">\n\t\t\t\t\t<div class=\"e-con-inner\">\n\t\t<div class=\"elementor-element elementor-element-bb6f115 e-con-full e-flex wpr-particle-no wpr-jarallax-no wpr-parallax-no wpr-sticky-section-no e-con e-child\" data-id=\"bb6f115\" data-element_type=\"container\" data-e-type=\"container\">\n\t\t\t\t<div class=\"elementor-element elementor-element-ef7f32e elementor-widget elementor-widget-heading\" data-id=\"ef7f32e\" data-element_type=\"widget\" data-e-type=\"widget\" data-widget_type=\"heading.default\">\n\t\t\t\t\t<h3 class=\"elementor-heading-title elementor-size-default\">Vanille Bourbon Gourmet<\/h3>\t\t\t\t<\/div>\n\t\t\t\t<div class=\"elementor-element elementor-element-b837b63 elementor-widget elementor-widget-text-editor\" data-id=\"b837b63\" data-element_type=\"widget\" data-e-type=\"widget\" data-widget_type=\"text-editor.default\">\n\t\t\t\t\t\t\t\t\t<p><span style=\"font-weight: 400;\">La vanille Bourbon Gourmet Floribis correspond \u00e0 des gousses enti\u00e8res de haute qualit\u00e9, charnues et souples, destin\u00e9es aux applications n\u00e9cessitant une pr\u00e9sentation premium et un profil aromatique intense. Qualit\u00e9 la plus douce et la plus savoureuse, elle est id\u00e9ale pour les desserts et les p\u00e2tisseries. Gousses de longue dur\u00e9e, elle est r\u00e9utilisable plusieurs fois (s\u00e9ch\u00e9e apr\u00e8s chaque utilisation).<\/span><span style=\"font-weight: 400;\"><br \/><\/span><span style=\"font-weight: 400;\"> Elle est particuli\u00e8rement adapt\u00e9e aux usages agroalimentaires haut de gamme, \u00e0 la transformation artisanale ou semi-industrielle, ainsi qu\u2019aux clients recherchant une vanille visuellement irr\u00e9prochable.<\/span><span style=\"font-weight: 400;\"><br \/><\/span><span style=\"font-weight: 400;\"> Chez Floribis, cette cat\u00e9gorie est issue de fili\u00e8res rigoureusement s\u00e9lectionn\u00e9es et b\u00e9n\u00e9ficie d\u2019une tra\u00e7abilit\u00e9 compl\u00e8te, garantissant constance et origine ma\u00eetris\u00e9e.<\/span><\/p><ul><li style=\"font-weight: 400;\" aria-level=\"1\"><span style=\"font-weight: 400;\">Vanilline 1,8-2,4% (*)<\/span><\/li><li style=\"font-weight: 400;\" aria-level=\"1\"><span style=\"font-weight: 400;\">Humidit\u00e9 &gt;30%<\/span><\/li><li style=\"font-weight: 400;\" aria-level=\"1\"><span style=\"font-weight: 400;\">Enti\u00e8re &gt; 15 cm<\/span><\/li><li style=\"font-weight: 400;\" aria-level=\"1\"><span style=\"font-weight: 400;\">Gousse brillante, grasse et moelleuse, ar\u00f4me rond, notes de chocolat.<\/span><\/li><li style=\"font-weight: 400;\" aria-level=\"1\"><span style=\"font-weight: 400;\">Usages principaux : agroalimentaire premium, transformation directe, revente sp\u00e9cialis\u00e9e.<\/span><\/li><li style=\"font-weight: 400;\" aria-level=\"1\"><span style=\"font-weight: 400;\">Conditionnement : poches alimentaires de 1 kg dans des cartons LB de 24 kg<\/span><\/li><\/ul>\t\t\t\t\t\t\t\t<\/div>\n\t\t\t\t<\/div>\n\t\t<div class=\"elementor-element elementor-element-dece114 e-con-full e-flex wpr-particle-no wpr-jarallax-no wpr-parallax-no wpr-sticky-section-no e-con e-child\" data-id=\"dece114\" data-element_type=\"container\" data-e-type=\"container\" data-settings=\"{&quot;background_background&quot;:&quot;classic&quot;}\">\n\t\t\t\t<\/div>\n\t\t\t\t\t<\/div>\n\t\t\t\t<\/div>\n\t\t<div class=\"elementor-element elementor-element-0c56002 e-flex e-con-boxed wpr-particle-no wpr-jarallax-no wpr-parallax-no wpr-sticky-section-no e-con e-parent\" data-id=\"0c56002\" data-element_type=\"container\" data-e-type=\"container\">\n\t\t\t\t\t<div class=\"e-con-inner\">\n\t\t<div class=\"elementor-element elementor-element-12f21e9 e-con-full e-flex wpr-particle-no wpr-jarallax-no wpr-parallax-no wpr-sticky-section-no e-con e-child\" data-id=\"12f21e9\" data-element_type=\"container\" data-e-type=\"container\" data-settings=\"{&quot;background_background&quot;:&quot;classic&quot;}\">\n\t\t\t\t<\/div>\n\t\t<div class=\"elementor-element elementor-element-b11ddc4 e-con-full e-flex wpr-particle-no wpr-jarallax-no wpr-parallax-no wpr-sticky-section-no e-con e-child\" data-id=\"b11ddc4\" data-element_type=\"container\" data-e-type=\"container\">\n\t\t\t\t<div class=\"elementor-element elementor-element-3fe6992 elementor-widget elementor-widget-heading\" data-id=\"3fe6992\" data-element_type=\"widget\" data-e-type=\"widget\" data-widget_type=\"heading.default\">\n\t\t\t\t\t<h3 class=\"elementor-heading-title elementor-size-default\">Vanille Bourbon Red US<\/h3>\t\t\t\t<\/div>\n\t\t\t\t<div class=\"elementor-element elementor-element-4af750f elementor-widget elementor-widget-text-editor\" data-id=\"4af750f\" data-element_type=\"widget\" data-e-type=\"widget\" data-widget_type=\"text-editor.default\">\n\t\t\t\t\t\t\t\t\t<p><span style=\"font-weight: 400;\">La vanille Bourbon Red US Floribis est d\u00e9finie selon les attentes sp\u00e9cifiques du march\u00e9 nord-am\u00e9ricain, o\u00f9 la priorit\u00e9 est donn\u00e9e \u00e0 la performance aromatique, \u00e0 la constance et \u00e0 la compatibilit\u00e9 avec les process industriels.<\/span><span style=\"font-weight: 400;\"><br \/><\/span><span style=\"font-weight: 400;\">Elle est destin\u00e9e aux applications n\u00e9cessitant une intensit\u00e9 aromatique fiable et reproductible, avec une documentation conforme aux exigences du march\u00e9 export.<\/span><span style=\"font-weight: 400;\"><br \/><\/span><span style=\"font-weight: 400;\">Floribis structure cette offre pour assurer une disponibilit\u00e9 s\u00e9curis\u00e9e et une homog\u00e9n\u00e9it\u00e9 des lots, essentielles aux grands volumes.<\/span><\/p><ul><li style=\"font-weight: 400;\" aria-level=\"1\"><span style=\"font-weight: 400;\">Vanilline 1,4-1,8% (*)<\/span><\/li><li style=\"font-weight: 400;\" aria-level=\"1\"><span style=\"font-weight: 400;\">Humidit\u00e9 21-25%<\/span><\/li><li style=\"font-weight: 400;\" aria-level=\"1\"><span style=\"font-weight: 400;\">Enti\u00e8res, fendues ou non &gt; 12 cm<\/span><\/li><li style=\"font-weight: 400;\" aria-level=\"1\"><span style=\"font-weight: 400;\">Gousse s\u00e8che, ar\u00f4me bois\u00e9 et floral<\/span><\/li><li style=\"font-weight: 400;\" aria-level=\"1\"><span style=\"font-weight: 400;\">Usages principaux: Id\u00e9alement utilis\u00e9e en infusion dans le lait ou l&rsquo;alcool, en\u00a0 industrie agroalimentaire US, extraction, formulations \u00e0 grande \u00e9chelle.<\/span><\/li><li style=\"font-weight: 400;\" aria-level=\"1\"><span style=\"font-weight: 400;\">Conditionnement : poches alimentaires de 1 kg dans des cartons LB de 24 kg<\/span><\/li><\/ul>\t\t\t\t\t\t\t\t<\/div>\n\t\t\t\t<\/div>\n\t\t\t\t\t<\/div>\n\t\t\t\t<\/div>\n\t\t<div class=\"elementor-element elementor-element-10a5020 e-flex e-con-boxed wpr-particle-no wpr-jarallax-no wpr-parallax-no wpr-sticky-section-no e-con e-parent\" data-id=\"10a5020\" data-element_type=\"container\" data-e-type=\"container\">\n\t\t\t\t\t<div class=\"e-con-inner\">\n\t\t<div class=\"elementor-element elementor-element-03710c4 e-con-full e-flex wpr-particle-no wpr-jarallax-no wpr-parallax-no wpr-sticky-section-no e-con e-child\" data-id=\"03710c4\" data-element_type=\"container\" data-e-type=\"container\">\n\t\t\t\t<div class=\"elementor-element elementor-element-918fa5b elementor-widget elementor-widget-heading\" data-id=\"918fa5b\" data-element_type=\"widget\" data-e-type=\"widget\" data-widget_type=\"heading.default\">\n\t\t\t\t\t<h3 class=\"elementor-heading-title elementor-size-default\">Vanille Bourbon Red Europe<\/h3>\t\t\t\t<\/div>\n\t\t\t\t<div class=\"elementor-element elementor-element-994b0a3 elementor-widget elementor-widget-text-editor\" data-id=\"994b0a3\" data-element_type=\"widget\" data-e-type=\"widget\" data-widget_type=\"text-editor.default\">\n\t\t\t\t\t\t\t\t\t<p><span style=\"font-weight: 400;\">La vanille Bourbon Red Europe Floribis est s\u00e9lectionn\u00e9e pour r\u00e9pondre aux standards du march\u00e9 europ\u00e9en, avec un \u00e9quilibre optimal entre qualit\u00e9 aromatique, aspect visuel et rendement industriel.<\/span><span style=\"font-weight: 400;\"><br \/><\/span><span style=\"font-weight: 400;\">Elle se distingue par une maturit\u00e9 ma\u00eetris\u00e9e et une stabilit\u00e9 adapt\u00e9e aux exigences de transformation et de conditionnement \u00e0 destination des industriels europ\u00e9ens.<\/span><span style=\"font-weight: 400;\"><br \/><\/span><span style=\"font-weight: 400;\">Cette typologie est particuli\u00e8rement appr\u00e9ci\u00e9e pour sa r\u00e9gularit\u00e9 de lots, facilitant les op\u00e9rations de sourcing et de planification.<\/span><\/p><ul><li style=\"font-weight: 400;\" aria-level=\"1\"><span style=\"font-weight: 400;\">Vanilline 1,6-2,2% (*)<\/span><\/li><li style=\"font-weight: 400;\" aria-level=\"1\"><span style=\"font-weight: 400;\">Humidit\u00e9 25-29%<\/span><\/li><li style=\"font-weight: 400;\" aria-level=\"1\"><span style=\"font-weight: 400;\">Enti\u00e8res, fendues ou non &gt; 12 cm<\/span><\/li><li style=\"font-weight: 400;\" aria-level=\"1\"><span style=\"font-weight: 400;\">Gousse s\u00e8che, ar\u00f4me bois\u00e9 et floral.<\/span><\/li><li style=\"font-weight: 400;\" aria-level=\"1\"><span style=\"font-weight: 400;\">Usages principaux : Id\u00e9alement utilis\u00e9e en infusion dans le lait ou l&rsquo;alcool, en agroalimentaire industriel, extraction, entreprises de transformation en Europe.<\/span><\/li><li style=\"font-weight: 400;\" aria-level=\"1\"><span style=\"font-weight: 400;\">Conditionnement : poches alimentaires de 1 kg dans des cartons LB de 24 kg<\/span><\/li><\/ul>\t\t\t\t\t\t\t\t<\/div>\n\t\t\t\t<\/div>\n\t\t<div class=\"elementor-element elementor-element-1879a5f e-con-full e-flex wpr-particle-no wpr-jarallax-no wpr-parallax-no wpr-sticky-section-no e-con e-child\" data-id=\"1879a5f\" data-element_type=\"container\" data-e-type=\"container\" data-settings=\"{&quot;background_background&quot;:&quot;classic&quot;}\">\n\t\t\t\t<\/div>\n\t\t\t\t\t<\/div>\n\t\t\t\t<\/div>\n\t\t<div class=\"elementor-element elementor-element-a34431c e-flex e-con-boxed wpr-particle-no wpr-jarallax-no wpr-parallax-no wpr-sticky-section-no e-con e-parent\" data-id=\"a34431c\" data-element_type=\"container\" data-e-type=\"container\">\n\t\t\t\t\t<div class=\"e-con-inner\">\n\t\t<div class=\"elementor-element elementor-element-8efb68d e-con-full e-flex wpr-particle-no wpr-jarallax-no wpr-parallax-no wpr-sticky-section-no e-con e-child\" data-id=\"8efb68d\" data-element_type=\"container\" data-e-type=\"container\" data-settings=\"{&quot;background_background&quot;:&quot;classic&quot;}\">\n\t\t\t\t<\/div>\n\t\t<div class=\"elementor-element elementor-element-56e18c0 e-con-full e-flex wpr-particle-no wpr-jarallax-no wpr-parallax-no wpr-sticky-section-no e-con e-child\" data-id=\"56e18c0\" data-element_type=\"container\" data-e-type=\"container\">\n\t\t\t\t<div class=\"elementor-element elementor-element-861373f elementor-widget elementor-widget-heading\" data-id=\"861373f\" data-element_type=\"widget\" data-e-type=\"widget\" data-widget_type=\"heading.default\">\n\t\t\t\t\t<h3 class=\"elementor-heading-title elementor-size-default\">Floribis Quick Process<\/h3>\t\t\t\t<\/div>\n\t\t\t\t<div class=\"elementor-element elementor-element-beb7373 elementor-widget elementor-widget-text-editor\" data-id=\"beb7373\" data-element_type=\"widget\" data-e-type=\"widget\" data-widget_type=\"text-editor.default\">\n\t\t\t\t\t\t\t\t\t<p><span style=\"font-weight: 400;\">Le Floribis Quick Process (FQP) est une solution d\u00e9velopp\u00e9e pour r\u00e9pondre aux contraintes industrielles de temps, de volumes et de reproductibilit\u00e9.<\/span><span style=\"font-weight: 400;\"><br \/><\/span><span style=\"font-weight: 400;\">Il s\u2019agit d\u2019une vanille pr\u00e9par\u00e9e selon un process sp\u00e9cifique Floribis, permettant une mise \u00e0 disposition rapide, tout en conservant un profil aromatique compatible avec les usages industriels.<\/span><span style=\"font-weight: 400;\"><br \/><\/span><span style=\"font-weight: 400;\">Le FQP est particuli\u00e8rement appr\u00e9ci\u00e9 pour les applications n\u00e9cessitant une int\u00e9gration imm\u00e9diate dans les cha\u00eenes de transformation ou d\u2019extraction.<\/span><\/p><ul><li style=\"font-weight: 400;\" aria-level=\"1\"><span style=\"font-weight: 400;\">Vanilline &gt; 2,4 (*)<\/span><\/li><li style=\"font-weight: 400;\" aria-level=\"1\"><span style=\"font-weight: 400;\">Humidit\u00e9 25%<\/span><\/li><li style=\"font-weight: 400;\" aria-level=\"1\"><span style=\"font-weight: 400;\">\u00c9clats de vanille 10-15 mm<\/span><\/li><li style=\"font-weight: 400;\" aria-level=\"1\"><span style=\"font-weight: 400;\">Produit riche en vanilline, pr\u00eat \u00e0 infuser.<\/span><\/li><li style=\"font-weight: 400;\" aria-level=\"1\"><span style=\"font-weight: 400;\">Ar\u00f4me fruit\u00e9 et chocolat\u00e9, notes fra\u00eeches et anis\u00e9es.<\/span><\/li><li style=\"font-weight: 400;\" aria-level=\"1\"><span style=\"font-weight: 400;\">Usages principaux:\u00a0 glaces, p\u00e2tisserie, boissons, produits laitiers, confiserie, extraits, extraction industrielle, transformation rapide, s\u00e9curisation des d\u00e9lais.<\/span><\/li><li style=\"font-weight: 400;\" aria-level=\"1\"><span style=\"font-weight: 400;\">Conditionnement : poches alimentaires de 1 kg dans des cartons LB de 22 kg<\/span><\/li><\/ul>\t\t\t\t\t\t\t\t<\/div>\n\t\t\t\t<\/div>\n\t\t\t\t\t<\/div>\n\t\t\t\t<\/div>\n\t\t\t\t<\/div>\n\t\t\t\t<div class=\"swiper-button-prev\"><svg aria-hidden=\"true\" class=\"e-font-icon-svg e-fas-chevron-left\" viewBox=\"0 0 320 512\" xmlns=\"http:\/\/www.w3.org\/2000\/svg\"><path d=\"M34.52 239.03L228.87 44.69c9.37-9.37 24.57-9.37 33.94 0l22.67 22.67c9.36 9.36 9.37 24.52.04 33.9L131.49 256l154.02 154.75c9.34 9.38 9.32 24.54-.04 33.9l-22.67 22.67c-9.37 9.37-24.57 9.37-33.94 0L34.52 272.97c-9.37-9.37-9.37-24.57 0-33.94z\"><\/path><\/svg><\/div>\r\n\t\t<div class=\"swiper-button-next\"><svg aria-hidden=\"true\" class=\"e-font-icon-svg e-fas-chevron-right\" viewBox=\"0 0 320 512\" xmlns=\"http:\/\/www.w3.org\/2000\/svg\"><path d=\"M285.476 272.971L91.132 467.314c-9.373 9.373-24.569 9.373-33.941 0l-22.667-22.667c-9.357-9.357-9.375-24.522-.04-33.901L188.505 256 34.484 101.255c-9.335-9.379-9.317-24.544.04-33.901l22.667-22.667c9.373-9.373 24.569-9.373 33.941 0L285.475 239.03c9.373 9.372 9.373 24.568.001 33.941z\"><\/path><\/svg><\/div>\r\n\t\t<div class=\"swiper-pagination\"><\/div>\r\n\t<\/div>\r\n\t\t\t\t\t<\/div>\n\t\t\t\t<\/div>\n\t\t\t\t\t<\/div>\n\t\t\t\t<\/div>\n\t\t\t\t<\/div>\n\t\t","protected":false},"excerpt":{"rendered":"<p>Vanille en gousse La vanille Bourbon en gousses Floribis incarne l\u2019excellence de l\u2019origine Madagascar. Issue de fili\u00e8res structur\u00e9es et pr\u00e9par\u00e9e avec rigueur, elle se distingue par la richesse et l\u2019\u00e9quilibre de son profil aromatique. S\u00e9lectionn\u00e9e pour r\u00e9pondre aux standards des professionnels, elle constitue une mati\u00e8re premi\u00e8re de r\u00e9f\u00e9rence pour les applications agroalimentaires, cosm\u00e9tiques et parfumantes exigeantes. Vanille Bourbon Gourmet La vanille Bourbon Gourmet Floribis correspond \u00e0 des gousses enti\u00e8res de haute qualit\u00e9, charnues et souples, destin\u00e9es aux applications n\u00e9cessitant une pr\u00e9sentation premium et un profil aromatique intense. Qualit\u00e9 la plus douce et la plus savoureuse, elle est id\u00e9ale pour les desserts et les p\u00e2tisseries. Gousses de longue dur\u00e9e, elle est r\u00e9utilisable plusieurs fois (s\u00e9ch\u00e9e apr\u00e8s chaque utilisation). Elle est particuli\u00e8rement adapt\u00e9e aux usages agroalimentaires haut de gamme, \u00e0 la transformation artisanale ou semi-industrielle, ainsi qu\u2019aux clients recherchant une vanille visuellement irr\u00e9prochable. Chez Floribis, cette cat\u00e9gorie est issue de fili\u00e8res rigoureusement s\u00e9lectionn\u00e9es et b\u00e9n\u00e9ficie d\u2019une tra\u00e7abilit\u00e9 compl\u00e8te, garantissant constance et origine ma\u00eetris\u00e9e. Vanilline 1,8-2,4% (*) Humidit\u00e9 &gt;30% Enti\u00e8re &gt; 15 cm Gousse brillante, grasse et moelleuse, ar\u00f4me rond, notes de chocolat. Usages principaux : agroalimentaire premium, transformation directe, revente sp\u00e9cialis\u00e9e. Conditionnement : poches alimentaires de 1 kg dans des cartons LB de 24 kg Vanille Bourbon Red US La vanille Bourbon Red US Floribis est d\u00e9finie selon les attentes sp\u00e9cifiques du march\u00e9 nord-am\u00e9ricain, o\u00f9 la priorit\u00e9 est donn\u00e9e \u00e0 la performance aromatique, \u00e0 la constance et \u00e0 la compatibilit\u00e9 avec les process industriels.Elle est destin\u00e9e aux applications n\u00e9cessitant une intensit\u00e9 aromatique fiable et reproductible, avec une documentation conforme aux exigences du march\u00e9 export.Floribis structure cette offre pour assurer une disponibilit\u00e9 s\u00e9curis\u00e9e et une homog\u00e9n\u00e9it\u00e9 des lots, essentielles aux grands volumes. Vanilline 1,4-1,8% (*) Humidit\u00e9 21-25% Enti\u00e8res, fendues ou non &gt; 12 cm Gousse s\u00e8che, ar\u00f4me bois\u00e9 et floral Usages principaux: Id\u00e9alement utilis\u00e9e en infusion dans le lait ou l&rsquo;alcool, en\u00a0 industrie agroalimentaire US, extraction, formulations \u00e0 grande \u00e9chelle. Conditionnement : poches alimentaires de 1 kg dans des cartons LB de 24 kg Vanille Bourbon Red Europe La vanille Bourbon Red Europe Floribis est s\u00e9lectionn\u00e9e pour r\u00e9pondre aux standards du march\u00e9 europ\u00e9en, avec un \u00e9quilibre optimal entre qualit\u00e9 aromatique, aspect visuel et rendement industriel.Elle se distingue par une maturit\u00e9 ma\u00eetris\u00e9e et une stabilit\u00e9 adapt\u00e9e aux exigences de transformation et de conditionnement \u00e0 destination des industriels europ\u00e9ens.Cette typologie est particuli\u00e8rement appr\u00e9ci\u00e9e pour sa r\u00e9gularit\u00e9 de lots, facilitant les op\u00e9rations de sourcing et de planification. Vanilline 1,6-2,2% (*) Humidit\u00e9 25-29% Enti\u00e8res, fendues ou non &gt; 12 cm Gousse s\u00e8che, ar\u00f4me bois\u00e9 et floral. Usages principaux : Id\u00e9alement utilis\u00e9e en infusion dans le lait ou l&rsquo;alcool, en agroalimentaire industriel, extraction, entreprises de transformation en Europe. Conditionnement : poches alimentaires de 1 kg dans des cartons LB de 24 kg Floribis Quick Process Le Floribis Quick Process (FQP) est une solution d\u00e9velopp\u00e9e pour r\u00e9pondre aux contraintes industrielles de temps, de volumes et de reproductibilit\u00e9.Il s\u2019agit d\u2019une vanille pr\u00e9par\u00e9e selon un process sp\u00e9cifique Floribis, permettant une mise \u00e0 disposition rapide, tout en conservant un profil aromatique compatible avec les usages industriels.Le FQP est particuli\u00e8rement appr\u00e9ci\u00e9 pour les applications n\u00e9cessitant une int\u00e9gration imm\u00e9diate dans les cha\u00eenes de transformation ou d\u2019extraction. Vanilline &gt; 2,4 (*) Humidit\u00e9 25% \u00c9clats de vanille 10-15 mm Produit riche en vanilline, pr\u00eat \u00e0 infuser. Ar\u00f4me fruit\u00e9 et chocolat\u00e9, notes fra\u00eeches et anis\u00e9es. Usages principaux:\u00a0 glaces, p\u00e2tisserie, boissons, produits laitiers, confiserie, extraits, extraction industrielle, transformation rapide, s\u00e9curisation des d\u00e9lais. Conditionnement : poches alimentaires de 1 kg dans des cartons LB de 22 kg<\/p>\n","protected":false},"author":1,"featured_media":0,"parent":0,"menu_order":0,"comment_status":"closed","ping_status":"closed","template":"","meta":{"footnotes":""},"class_list":["post-732","page","type-page","status-publish","hentry"],"_links":{"self":[{"href":"https:\/\/promo.ppm.mg\/index.php\/wp-json\/wp\/v2\/pages\/732","targetHints":{"allow":["GET"]}}],"collection":[{"href":"https:\/\/promo.ppm.mg\/index.php\/wp-json\/wp\/v2\/pages"}],"about":[{"href":"https:\/\/promo.ppm.mg\/index.php\/wp-json\/wp\/v2\/types\/page"}],"author":[{"embeddable":true,"href":"https:\/\/promo.ppm.mg\/index.php\/wp-json\/wp\/v2\/users\/1"}],"replies":[{"embeddable":true,"href":"https:\/\/promo.ppm.mg\/index.php\/wp-json\/wp\/v2\/comments?post=732"}],"version-history":[{"count":49,"href":"https:\/\/promo.ppm.mg\/index.php\/wp-json\/wp\/v2\/pages\/732\/revisions"}],"predecessor-version":[{"id":1812,"href":"https:\/\/promo.ppm.mg\/index.php\/wp-json\/wp\/v2\/pages\/732\/revisions\/1812"}],"wp:attachment":[{"href":"https:\/\/promo.ppm.mg\/index.php\/wp-json\/wp\/v2\/media?parent=732"}],"curies":[{"name":"wp","href":"https:\/\/api.w.org\/{rel}","templated":true}]}}